{"id":117,"date":"2024-10-29T16:36:36","date_gmt":"2024-10-29T16:36:36","guid":{"rendered":"https:\/\/prom.put.poznan.pl\/?page_id=117"},"modified":"2024-10-30T08:20:38","modified_gmt":"2024-10-30T08:20:38","slug":"contact","status":"publish","type":"page","link":"https:\/\/prom.put.poznan.pl\/?page_id=117","title":{"rendered":"Kontakt"},"content":{"rendered":"\n<p>Biuro projektu:<\/p>\n\n\n\n<p><strong>Dzia\u0142 ds. Uniwersytetu Europejskiego<\/strong> <\/p>\n\n\n\n<p>Politechnika Pozna\u0144ska<br>ul. Piotrowo 3<br>61-138 Pozna\u0144<\/p>\n\n\n\n<p>tel. <a href=\"tel:+48 61 665 3982\">+48 61 665 3982<\/a><\/p>\n\n\n\n<p>email: <a href=\"mailto:eunice@put.poznan.pl\">biuro projektu<\/a><\/p>\n\n\n\n<p>Wsparcie os\u00f3b ze szczeg\u00f3lnymi potrzebami, w tym z niepe\u0142nosprawno\u015bciami\u00a0<a href=\"https:\/\/put.poznan.pl\/dzial-rownosci\" data-type=\"link\" data-id=\"https:\/\/put.poznan.pl\/dzial-rownosci\">tutaj<\/a>.<\/p>\n\n\n\n<p>Deklaracja dost\u0119pno\u015bci budynku przy ul. Piotrowo 3 dost\u0119pna <a href=\"https:\/\/put.poznan.pl\/deklaracja-dostepnosci-politechniki-poznanskiej\/piotrowo\" data-type=\"link\" data-id=\"https:\/\/put.poznan.pl\/deklaracja-dostepnosci-politechniki-poznanskiej\/piotrowo\">tutaj<\/a>.<\/p>\n\n\n\n<p><\/p>\n","protected":false},"excerpt":{"rendered":"<p>Biuro projektu: Dzia\u0142 ds. Uniwersytetu Europejskiego Politechnika Pozna\u0144skaul. Piotrowo 361-138 Pozna\u0144 tel. +48 61 665 3982 email: biuro projektu Wsparcie os\u00f3b ze szczeg\u00f3lnymi potrzebami, w tym z niepe\u0142nosprawno\u015bciami\u00a0tutaj. Deklaracja dost\u0119pno\u015bci budynku przy ul. Piotrowo 3 dost\u0119pna tutaj.<\/p>\n","protected":false},"author":1,"featured_media":0,"parent":0,"menu_order":0,"comment_status":"closed","ping_status":"closed","template":"","meta":{"footnotes":""},"class_list":["post-117","page","type-page","status-publish","hentry"],"_links":{"self":[{"href":"https:\/\/prom.put.poznan.pl\/index.php?rest_route=\/wp\/v2\/pages\/117","targetHints":{"allow":["GET"]}}],"collection":[{"href":"https:\/\/prom.put.poznan.pl\/index.php?rest_route=\/wp\/v2\/pages"}],"about":[{"href":"https:\/\/prom.put.poznan.pl\/index.php?rest_route=\/wp\/v2\/types\/page"}],"author":[{"embeddable":true,"href":"https:\/\/prom.put.poznan.pl\/index.php?rest_route=\/wp\/v2\/users\/1"}],"replies":[{"embeddable":true,"href":"https:\/\/prom.put.poznan.pl\/index.php?rest_route=%2Fwp%2Fv2%2Fcomments&post=117"}],"version-history":[{"count":8,"href":"https:\/\/prom.put.poznan.pl\/index.php?rest_route=\/wp\/v2\/pages\/117\/revisions"}],"predecessor-version":[{"id":132,"href":"https:\/\/prom.put.poznan.pl\/index.php?rest_route=\/wp\/v2\/pages\/117\/revisions\/132"}],"wp:attachment":[{"href":"https:\/\/prom.put.poznan.pl\/index.php?rest_route=%2Fwp%2Fv2%2Fmedia&parent=117"}],"curies":[{"name":"wp","href":"https:\/\/api.w.org\/{rel}","templated":true}]}}