{"id":15,"date":"2024-10-10T10:43:54","date_gmt":"2024-10-10T10:43:54","guid":{"rendered":"https:\/\/prom.put.poznan.pl\/?page_id=15"},"modified":"2025-05-21T11:55:04","modified_gmt":"2025-05-21T11:55:04","slug":"sub-menu2","status":"publish","type":"page","link":"https:\/\/prom.put.poznan.pl\/?page_id=15","title":{"rendered":"Mobility from Poland &#8211; UTS Australia"},"content":{"rendered":"\n<p><strong><a style=\"color: red\">REKRUTACJA ZAMKNI\u0118TA<\/a><\/strong>&nbsp;\/&nbsp;<strong><a style=\"color: red\">RECRUITMENT CLOSED<\/a><\/strong><\/p>\n\n\n\n<p>Listy rankingowe:<\/p>\n\n\n\n<ul class=\"wp-block-list\">\n<li><a href=\"https:\/\/prom.put.poznan.pl\/wp-content\/uploads\/2025\/05\/Sydney_Staff_lista_rankingowa.pdf\" data-type=\"attachment\" data-id=\"522\">Kadra<\/a><\/li>\n\n\n\n<li><a href=\"https:\/\/prom.put.poznan.pl\/wp-content\/uploads\/2025\/05\/Sydney_SzD_lista_rankingowa.pdf\" data-type=\"attachment\" data-id=\"524\">Szko\u0142a Doktorska<\/a><\/li>\n\n\n\n<li><a href=\"https:\/\/prom.put.poznan.pl\/wp-content\/uploads\/2025\/05\/Sydney_Students_lista_rankingowa.pdf\" data-type=\"attachment\" data-id=\"523\">Studenci<\/a><\/li>\n<\/ul>\n\n\n\n<p>Rekrutacja dla pracownik\u00f3w, student\u00f3w i doktorant\u00f3w na zagraniczny wyjazd trwaj\u0105cy 10 dni (w\u0142\u0105cznie z czasem przeznaczonym na podr\u00f3\u017c) do University of Technology Sydney (UTS) &#8211; Australia, Sydney.<\/p>\n\n\n\n<p>Wyjazd dla doktorant\u00f3w\/doktorantek b\u0119dzie dotyczy\u0142:<\/p>\n\n\n\n<ul class=\"wp-block-list\">\n<li>pozyskanie materia\u0142\u00f3w do pracy doktorskiej, artyku\u0142u naukowego,<\/li>\n\n\n\n<li>wykonanie pomiar\u00f3w z wykorzystaniem unikatowej aparatury, testowanie aparatury badawczej, unikalnego instrumentarium artystycznego,<\/li>\n\n\n\n<li>wykonanie kwerend archiwalnych lub bibliotecznych,<\/li>\n\n\n\n<li>udzia\u0142 w przygotowaniu mi\u0119dzynarodowego wniosku grantowego.<\/li>\n<\/ul>\n\n\n\n<p>Wyjazd dla student\u00f3w\/studentek i kadry mo\u017ce dotyczy\u0107 mi\u0119dzy innymi takich aktywno\u015bci jak udzia\u0142 w kr\u00f3tkich formach kszta\u0142cenia, tj. kursach w tym intensywnych zaliczanych do procesu kszta\u0142cenia, warsztatach, sta\u017cach zawodowych, wizytach studyjnych.<\/p>\n\n\n\n<p>Przewidywany termin wymiany to:&nbsp;<a href=\"callto:4-14.08.2025\">4-14.08.2025<\/a>. <\/p>\n\n\n\n<p>Zg\u0142oszenia przyjmowane s\u0105 do&nbsp;30 kwietnia 2025. Mail, na kt\u00f3ry nale\u017cy przes\u0142a\u0107 zg\u0142oszenia dost\u0119pny jest we wnioskach (formularzach).<\/p>\n\n\n\n<p><strong>Doktoranci &#8211; dokumenty:<\/strong><\/p>\n\n\n\n<ul class=\"wp-block-list\">\n<li><a href=\"https:\/\/prom.put.poznan.pl\/wp-content\/uploads\/2025\/04\/PL-AU-PL-doktoranci-regulamin.docx\" data-type=\"attachment\" data-id=\"396\">Regulamin<\/a><\/li>\n<\/ul>\n\n\n\n<p>Za\u0142\u0105czniki do Regulaminu:<\/p>\n\n\n\n<ul class=\"wp-block-list\">\n<li><a href=\"https:\/\/prom.put.poznan.pl\/wp-content\/uploads\/2025\/04\/PUT_UTS_Doktoranci_2_Zalacznik-nr-1_-PUT-UTS-formularz_aplikacyjny.docx\" data-type=\"attachment\" data-id=\"411\">Za\u0142\u0105cznik nr 1: Formularz aplikacyjny<\/a><a style=\"color: red\"> &#8211; Nie ma konieczno\u015bci potwierdzenia przez uczelni\u0119 goszcz\u0105c\u0105 (lidera grupy badawczej) mo\u017cliwo\u015bci realizacji w ramach KWA uzgodnionego wsp\u00f3lnego projektu bada\u0144.<\/a><\/li>\n\n\n\n<li><a href=\"https:\/\/prom.put.poznan.pl\/wp-content\/uploads\/2025\/04\/PL_AU_Doktoranci_Zalacznik-nr-2_merytoryczne-sprawozdanie-z-KWA.docx\" data-type=\"attachment\" data-id=\"400\">Za\u0142\u0105cznik nr 2: Merytoryczne sprawozdanie z KWA<\/a><\/li>\n\n\n\n<li><a href=\"https:\/\/prom.put.poznan.pl\/wp-content\/uploads\/2025\/04\/PL_AU_Doktoranci_Zalacznik-nr-3_Deklaracja-przystapienia-do-udzialu-w-projekcie.docx\" data-type=\"attachment\" data-id=\"401\">Za\u0142\u0105cznik nr 3: Deklaracja przyst\u0105pienia do udzia\u0142u w Projekcie<\/a><\/li>\n\n\n\n<li><a href=\"https:\/\/prom.put.poznan.pl\/wp-content\/uploads\/2025\/04\/PL_AU_Doktoranci_Zalacznik-nr-4_Formularz-danych-osobowych-uczestnika-projektu.docx\" data-type=\"attachment\" data-id=\"402\">Za\u0142\u0105cznik nr 4: Formularz danych osobowych Uczestniczki\/Uczestnika Projektu<\/a><\/li>\n\n\n\n<li><a href=\"https:\/\/prom.put.poznan.pl\/wp-content\/uploads\/2025\/04\/PL_AU_Doktoranci_Zalacznik-nr-5_Oswiadczenie-Uczestnika-Projektu-RODO.docx\" data-type=\"attachment\" data-id=\"403\">Za\u0142\u0105cznik nr 5: O\u015bwiadczenie Uczestniczki\/Uczestnika Projektu dotycz\u0105ce zapoznania si\u0119\u0328 z zasadami przetwarzania danych osobowych<\/a><\/li>\n\n\n\n<li><a href=\"https:\/\/prom.put.poznan.pl\/wp-content\/uploads\/2025\/04\/PL_AU_Doktoranci_Zalacznik-nr-6_Zgoda-Uczestnika-Projektu-na-przetwarzanie-danych-osobowych-i-wizerunku.docx\" data-type=\"attachment\" data-id=\"404\">Za\u0142\u0105cznik nr 6: Zgoda Uczestniczki\/Uczestnika Projektu na przetwarzanie danych osobowych i wizerunku<\/a><\/li>\n\n\n\n<li><a href=\"https:\/\/prom.put.poznan.pl\/wp-content\/uploads\/2025\/04\/PL_AU_Doktoranci_Zalacznik-nr-7_Zestawienie-stawek-dziennych-stypendium.docx\" data-type=\"attachment\" data-id=\"405\">Za\u0142\u0105cznik nr 7: Zestawienie stawek dziennych stypendium dla Uczestniczki\/Uczestnika Projektu<\/a><\/li>\n\n\n\n<li><a href=\"https:\/\/prom.put.poznan.pl\/wp-content\/uploads\/2025\/04\/PL_AU_Doktoranci_Zalacznik-nr-8_Zestawienie-stawek-ryczaltowych-kosztow-podrozy.docx\" data-type=\"attachment\" data-id=\"406\">Za\u0142\u0105cznik nr 8: Zestawienie stawek rycza\u0142towych koszt\u00f3w podr\u00f3\u017cy Uczestniczki\/Uczestnika, ubezpieczenia zdrowotnego, OC, NNW, op\u0142at wizowych lub zwi\u0105zanych z legalizacj\u0105 pobytu<\/a><\/li>\n\n\n\n<li><a href=\"https:\/\/prom.put.poznan.pl\/wp-content\/uploads\/2025\/04\/PL_AU_Doktoranci_Zalacznik-nr-9_Zestawienie-dziennych-stawek-ryczaltowych-kosztow-utrzymania-i-zakwaterowania.docx\" data-type=\"attachment\" data-id=\"392\">Za\u0142\u0105cznik nr 9: Zestawienie dziennych stawek rycza\u0142towych koszt\u00f3w utrzymania i zakwaterowania Uczestniczki\/Uczestnika<\/a><\/li>\n\n\n\n<li><a href=\"https:\/\/prom.put.poznan.pl\/wp-content\/uploads\/2025\/04\/PL_AU_Doktoranci_Zalacznik-nr-10_Certyfikat_PROM_doktoranci.docx\" data-type=\"attachment\" data-id=\"393\">Za\u0142\u0105cznik nr 10: Potwierdzenie zrealizowania KWA<\/a><\/li>\n\n\n\n<li><a href=\"https:\/\/prom.put.poznan.pl\/wp-content\/uploads\/2025\/04\/PL_AU_Doktoranci_Zalacznik-nr-11_Umowa_KWA_doktorant_PROM.docx\" data-type=\"attachment\" data-id=\"394\">Za\u0142\u0105cznik nr 11: Umowa z Uczestniczk\u0105\/Uczestnikiem Projektu<\/a>\n<ul class=\"wp-block-list\">\n<li><a href=\"https:\/\/prom.put.poznan.pl\/wp-content\/uploads\/2025\/04\/PL_AU_Doktoranci_Zalacznik-2-do-umowy-formularz_kalkulacji_kosztow_PROM.docx\" data-type=\"attachment\" data-id=\"397\">Za\u0142\u0105cznik 2 do umowy &#8211; formularz kalkulacji koszt\u00f3w PROM<\/a><\/li>\n\n\n\n<li><a href=\"https:\/\/prom.put.poznan.pl\/wp-content\/uploads\/2025\/04\/PL_AU_Doktoranci_Zalacznik-5-do-umowy-rozliczenie-finansowe-KWA_PROM.docx\" data-type=\"attachment\" data-id=\"398\">Za\u0142\u0105cznik 5 do umowy &#8211; rozliczenie finansowe KWA PROM<\/a><\/li>\n<\/ul>\n<\/li>\n\n\n\n<li><a href=\"https:\/\/prom.put.poznan.pl\/wp-content\/uploads\/2025\/04\/PL_AU_Doktoranci_Zalacznik-nr-12_ankiety-ex-ante-ex-post-dla-doktorantow_v2.docx\" data-type=\"attachment\" data-id=\"395\">Za\u0142\u0105cznik nr 12: Ankieta Ex-ante\/Ex-post<\/a><\/li>\n<\/ul>\n\n\n\n<p><strong>Kadra i studenci &#8211; dokumenty:<\/strong><\/p>\n\n\n\n<ul class=\"wp-block-list\">\n<li><a href=\"https:\/\/prom.put.poznan.pl\/wp-content\/uploads\/2025\/04\/PUT-UTS-kadra-regulamin-rekrutacji.docx\" data-type=\"attachment\" data-id=\"416\">Regulamin (kadra)<\/a><\/li>\n\n\n\n<li><a href=\"https:\/\/prom.put.poznan.pl\/wp-content\/uploads\/2025\/04\/PUT-UTS-student-regulamin-rekrutacji.docx\" data-type=\"attachment\" data-id=\"417\">Regulamin (studenci)<\/a><\/li>\n<\/ul>\n\n\n\n<p>Za\u0142\u0105czniki do Regulaminu:<\/p>\n\n\n\n<ul class=\"wp-block-list\">\n<li><a href=\"https:\/\/prom.put.poznan.pl\/wp-content\/uploads\/2025\/04\/PUT-UTS-formularz-kadra.docx\" data-type=\"attachment\" data-id=\"414\">Za\u0142\u0105cznik nr 1: Formularz aplikacyjny (kadra)<\/a><\/li>\n\n\n\n<li><a href=\"https:\/\/prom.put.poznan.pl\/wp-content\/uploads\/2025\/04\/PUT-UTS-formularz-osoba-studiujaca.docx\" data-type=\"attachment\" data-id=\"415\">Za\u0142\u0105cznik nr 1: Formularz aplikacyjny (studenci)<\/a><\/li>\n\n\n\n<li><a href=\"https:\/\/prom.put.poznan.pl\/wp-content\/uploads\/2025\/04\/PUT-UTS-Zalacznik-nr-2_Merytoryczne-sprawozdanie-z-KWA.pdf\" data-type=\"attachment\" data-id=\"420\">Za\u0142\u0105cznik nr 2: Merytoryczne sprawozdanie z KWA<\/a><\/li>\n\n\n\n<li><a href=\"https:\/\/prom.put.poznan.pl\/wp-content\/uploads\/2025\/04\/PUT-UTS-Zalacznik-nr-3_Deklaracja-przystapienia-do-udzialu-w-projekcie.pdf\" data-type=\"attachment\" data-id=\"421\">Za\u0142\u0105cznik nr 3: Deklaracja przyst\u0105pienia do udzia\u0142u w Projekcie<\/a><\/li>\n\n\n\n<li><a href=\"https:\/\/prom.put.poznan.pl\/wp-content\/uploads\/2025\/04\/PUT-UTS-Zalacznik-nr-4_Formularz-danych-osobowych-uczestnika-projektu.pdf\" data-type=\"attachment\" data-id=\"422\">Za\u0142\u0105cznik nr 4: Formularz danych osobowych Uczestniczki\/Uczestnika Projektu<\/a><\/li>\n\n\n\n<li><a href=\"https:\/\/prom.put.poznan.pl\/wp-content\/uploads\/2025\/04\/PUT-UTS-Zalacznik-nr-5_Oswiadczenie-Uczestnika-Projektu-RODO.pdf\" data-type=\"attachment\" data-id=\"423\">Za\u0142\u0105cznik nr 5: O\u015bwiadczenie Uczestniczki\/Uczestnika Projektu dotycz\u0105ce zapoznania si\u0119\u0328 z zasadami przetwarzania danych osobowych<\/a><\/li>\n\n\n\n<li><a href=\"https:\/\/prom.put.poznan.pl\/wp-content\/uploads\/2025\/04\/PUT-UTS-Zalacznik-nr-6_Zgoda-Uczestnika-Projektu-na-przetwarzanie-danych-osobowych-i-wizerunku.pdf\" data-type=\"attachment\" data-id=\"424\">Za\u0142\u0105cznik nr 6: Zgoda Uczestniczki\/Uczestnika Projektu na przetwarzanie danych osobowych i wizerunku<\/a><\/li>\n\n\n\n<li><a href=\"https:\/\/prom.put.poznan.pl\/wp-content\/uploads\/2025\/04\/PUT-UTS-Zalacznik-nr-7_Zestawienie-stawek-dziennych-stypendium.pdf\" data-type=\"attachment\" data-id=\"425\">Za\u0142\u0105cznik nr 7: Zestawienie stawek dziennych stypendium dla Uczestniczki\/Uczestnika Projektu<\/a><\/li>\n\n\n\n<li><a href=\"https:\/\/prom.put.poznan.pl\/wp-content\/uploads\/2025\/04\/PUT-UTS-Zalacznik-nr-8_Zestawienie-dziennych-stawek-ryczaltowych-kosztow-utrzymania-i-zakwaterowania.pdf\" data-type=\"attachment\" data-id=\"426\">Za\u0142\u0105cznik nr 8: Zestawienie stawek rycza\u0142towych koszt\u00f3w podr\u00f3\u017cy Uczestniczki\/Uczestnika, ubezpieczenia zdrowotnego, OC, NNW, op\u0142at wizowych lub zwi\u0105zanych z legalizacj\u0105 pobytu<\/a><\/li>\n\n\n\n<li><a href=\"https:\/\/prom.put.poznan.pl\/wp-content\/uploads\/2025\/04\/PUT-UTS-Zalacznik-nr-9_Zestawienie-stawek-ryczaltowych-kosztow-podrozy.pdf\" data-type=\"attachment\" data-id=\"419\">Za\u0142\u0105cznik nr 9: Zestawienie dziennych stawek rycza\u0142towych koszt\u00f3w utrzymania i zakwaterowania Uczestniczki\/Uczestnika<\/a><\/li>\n\n\n\n<li><a href=\"https:\/\/prom.put.poznan.pl\/wp-content\/uploads\/2025\/04\/PUT-UTS-ankiety-ex-ante-ex-post-dla-kadry.docx\" data-type=\"attachment\" data-id=\"418\">Za\u0142\u0105cznik nr 12: Ankieta Ex-ante\/Ex-post (kadra)<\/a><\/li>\n\n\n\n<li><a href=\"https:\/\/prom.put.poznan.pl\/wp-content\/uploads\/2025\/04\/PUT-UTS-ankiety-ex-ante-ex-post-dla-studentow.docx\" data-type=\"attachment\" data-id=\"413\">Za\u0142\u0105cznik nr 12: Ankieta Ex-ante\/Ex-post (studenci)<\/a><\/li>\n<\/ul>\n","protected":false},"excerpt":{"rendered":"<p>REKRUTACJA ZAMKNI\u0118TA&nbsp;\/&nbsp;RECRUITMENT CLOSED Listy rankingowe: Rekrutacja dla pracownik\u00f3w, student\u00f3w i doktorant\u00f3w na zagraniczny wyjazd trwaj\u0105cy 10 dni (w\u0142\u0105cznie z czasem przeznaczonym na podr\u00f3\u017c) do University of Technology Sydney (UTS) &#8211; Australia, Sydney. Wyjazd dla doktorant\u00f3w\/doktorantek b\u0119dzie dotyczy\u0142: Wyjazd dla student\u00f3w\/studentek i kadry mo\u017ce dotyczy\u0107 mi\u0119dzy innymi takich aktywno\u015bci jak udzia\u0142 w kr\u00f3tkich formach kszta\u0142cenia, tj. [&hellip;]<\/p>\n","protected":false},"author":1,"featured_media":0,"parent":0,"menu_order":0,"comment_status":"closed","ping_status":"closed","template":"","meta":{"footnotes":""},"class_list":["post-15","page","type-page","status-publish","hentry"],"_links":{"self":[{"href":"https:\/\/prom.put.poznan.pl\/index.php?rest_route=\/wp\/v2\/pages\/15","targetHints":{"allow":["GET"]}}],"collection":[{"href":"https:\/\/prom.put.poznan.pl\/index.php?rest_route=\/wp\/v2\/pages"}],"about":[{"href":"https:\/\/prom.put.poznan.pl\/index.php?rest_route=\/wp\/v2\/types\/page"}],"author":[{"embeddable":true,"href":"https:\/\/prom.put.poznan.pl\/index.php?rest_route=\/wp\/v2\/users\/1"}],"replies":[{"embeddable":true,"href":"https:\/\/prom.put.poznan.pl\/index.php?rest_route=%2Fwp%2Fv2%2Fcomments&post=15"}],"version-history":[{"count":15,"href":"https:\/\/prom.put.poznan.pl\/index.php?rest_route=\/wp\/v2\/pages\/15\/revisions"}],"predecessor-version":[{"id":528,"href":"https:\/\/prom.put.poznan.pl\/index.php?rest_route=\/wp\/v2\/pages\/15\/revisions\/528"}],"wp:attachment":[{"href":"https:\/\/prom.put.poznan.pl\/index.php?rest_route=%2Fwp%2Fv2%2Fmedia&parent=15"}],"curies":[{"name":"wp","href":"https:\/\/api.w.org\/{rel}","templated":true}]}}