{"id":26,"date":"2024-10-10T10:44:40","date_gmt":"2024-10-10T10:44:40","guid":{"rendered":"https:\/\/prom.put.poznan.pl\/?page_id=26"},"modified":"2025-03-19T13:26:34","modified_gmt":"2025-03-19T13:26:34","slug":"sub-menu5","status":"publish","type":"page","link":"https:\/\/prom.put.poznan.pl\/?page_id=26","title":{"rendered":"IPV Portugal from Poland"},"content":{"rendered":"\n<p><strong><a style=\"color:red\">REKRUTACJA ZAMKNI\u0118TA<\/a><\/strong> \/ <strong><a style=\"color:red\">RECRUITMENT CLOSED<\/a><\/strong><\/p>\n\n\n\n<p>Lista rankingowa dost\u0119pna <a href=\"https:\/\/prom.put.poznan.pl\/wp-content\/uploads\/2025\/03\/PUT-IPV_lista_rankingowa.pdf\" data-type=\"attachment\" data-id=\"363\">tutaj<\/a>.<\/p>\n\n\n\n<p>Rekrutacja dla pracownik\u00f3w i student\u00f3w na zagraniczny wyjazd trwaj\u0105cy 7 dni (w\u0142\u0105cznie z czasem przeznaczonym na podr\u00f3\u017c) do Instituto Polit\u00e9cnico de Viseu (IPV), Viseu, Portugalia. KWA dla kadry b\u0119dzie dotyczy\u0142a prowadzania zaj\u0119\u0107 dydaktycznych i udzia\u0142u w przygotowywaniu mi\u0119dzynarodowego wniosku projektowego w zakresie dydaktyki.&nbsp;Dla student\u00f3w udzia\u0142u w kr\u00f3tkiej formie kszta\u0142cenia z zakresu projektowania bezpiecznych system\u00f3w Internetu Rzeczy.<\/p>\n\n\n\n<p>Zg\u0142oszenia przyjmowane s\u0105 do 10 marca 2025. Mail, na kt\u00f3ry nale\u017cy przes\u0142a\u0107 zg\u0142oszenia dost\u0119pny jest we wnioskach (formularzach).<\/p>\n\n\n\n<p>Za\u0142\u0105czniki (kadra):<\/p>\n\n\n\n<ul class=\"wp-block-list\">\n<li><a href=\"https:\/\/prom.put.poznan.pl\/wp-content\/uploads\/2025\/02\/PUT-IPV-regulamin-rekrutacji-kadra_PL.docx\" data-type=\"attachment\" data-id=\"353\">Regulamin rekrutacji<\/a><\/li>\n\n\n\n<li><a href=\"https:\/\/prom.put.poznan.pl\/wp-content\/uploads\/2025\/02\/PUT-IPV-formularz-kadra_PL.docx\" data-type=\"attachment\" data-id=\"351\">Za\u0142\u0105cznik nr 1: Formularz aplikacyjny<\/a><\/li>\n\n\n\n<li><a href=\"https:\/\/prom.put.poznan.pl\/wp-content\/uploads\/2025\/02\/PUT_IPV_Zalacznik-nr-2_Merytoryczne-sprawozdanie-z-KWA.pdf\" data-type=\"attachment\" data-id=\"325\">Za\u0142\u0105cznik nr 2: Merytoryczne sprawozdanie z KWA<\/a><\/li>\n\n\n\n<li><a href=\"https:\/\/prom.put.poznan.pl\/wp-content\/uploads\/2025\/02\/PUT_IPV_Zalacznik-nr-3_Deklaracja-przystapienia-do-udzialu-w-projekcie.pdf\" data-type=\"attachment\" data-id=\"326\">Za\u0142\u0105cznik nr 3: Deklaracja przyst\u0105pienia do udzia\u0142u w Projekcie<\/a><\/li>\n\n\n\n<li><a href=\"https:\/\/prom.put.poznan.pl\/wp-content\/uploads\/2025\/02\/PUT_IPV_Zalacznik-nr-4_Formularz-danych-osobowych-uczestnika-projektu.pdf\" data-type=\"attachment\" data-id=\"327\">Za\u0142\u0105cznik nr 4: Formularz danych osobowych Uczestniczki\/Uczestnika Projektu<\/a><\/li>\n\n\n\n<li><a href=\"https:\/\/prom.put.poznan.pl\/wp-content\/uploads\/2025\/02\/PUT_IPV_Zalacznik-nr-5_Oswiadczenie-Uczestnika-Projektu-RODO.pdf\" data-type=\"attachment\" data-id=\"328\">Za\u0142\u0105cznik nr 5: O\u015bwiadczenie Uczestniczki\/Uczestnika Projektu dotycz\u0105ce zapoznania si\u0119\u0328 z zasadami przetwarzania danych osobowych<\/a><\/li>\n\n\n\n<li><a href=\"https:\/\/prom.put.poznan.pl\/wp-content\/uploads\/2025\/02\/PUT_IPV_Zalacznik-nr-6_Zgoda-Uczestnika-Projektu-na-przetwarzanie-danych-osobowych-i-wizerunku.pdf\" data-type=\"attachment\" data-id=\"329\">Za\u0142\u0105cznik nr 6: Zgoda Uczestniczki\/Uczestnika Projektu na przetwarzanie danych osobowych i wizerunku<\/a><\/li>\n\n\n\n<li><a href=\"https:\/\/prom.put.poznan.pl\/wp-content\/uploads\/2025\/02\/PUT_IPV_Zalacznik-nr-7_Zestawienie-stawek-dziennych-stypendium.pdf\" data-type=\"attachment\" data-id=\"330\">Za\u0142\u0105cznik nr 7: Zestawienie stawek dziennych stypendium dla Uczestniczki\/Uczestnika Projektu<\/a><\/li>\n\n\n\n<li><a href=\"https:\/\/prom.put.poznan.pl\/wp-content\/uploads\/2025\/02\/PUT_IPV_Zalacznik-nr-8_Zestawienie-dziennych-stawek-ryczaltowych-kosztow-utrzymania-i-zakwaterowania.pdf\" data-type=\"attachment\" data-id=\"331\">Za\u0142\u0105cznik nr 8: Zestawienie stawek rycza\u0142towych koszt\u00f3w podr\u00f3\u017cy Uczestniczki\/Uczestnika, ubezpieczenia zdrowotnego, OC, NNW, op\u0142at wizowych lub zwi\u0105zanych z legalizacj\u0105 pobytu<\/a><\/li>\n\n\n\n<li><a href=\"https:\/\/prom.put.poznan.pl\/wp-content\/uploads\/2025\/02\/PUT_IPV_Zalacznik-nr-9_Zestawienie-stawek-ryczaltowych-kosztow-podrozy.pdf\" data-type=\"attachment\" data-id=\"324\">Za\u0142\u0105cznik nr 9: Zestawienie dziennych stawek rycza\u0142towych koszt\u00f3w utrzymania i zakwaterowania Uczestniczki\/Uczestnika<\/a><\/li>\n<\/ul>\n\n\n\n<p>Za\u0142\u0105czniki (osoba studiuj\u0105ca):<\/p>\n\n\n\n<ul class=\"wp-block-list\">\n<li><a href=\"https:\/\/prom.put.poznan.pl\/wp-content\/uploads\/2025\/02\/PUT-IPV-student-regulamin-rekrutacji_PL.docx\" data-type=\"attachment\" data-id=\"354\">Regulamin rekrutacji<\/a><\/li>\n\n\n\n<li><a href=\"https:\/\/prom.put.poznan.pl\/wp-content\/uploads\/2025\/02\/PUT-IPV-formularz-osoba-studiujaca_PL.docx\" data-type=\"attachment\" data-id=\"352\">Za\u0142\u0105cznik nr 1: Formularz aplikacyjny<\/a><\/li>\n\n\n\n<li><a href=\"https:\/\/prom.put.poznan.pl\/wp-content\/uploads\/2025\/02\/PUT_IPV_Std_Zalacznik-nr-2_Merytoryczne-sprawozdanie-z-KWA.pdf\" data-type=\"attachment\" data-id=\"338\">Za\u0142\u0105cznik nr 2: Merytoryczne sprawozdanie z KWA<\/a><\/li>\n\n\n\n<li><a href=\"https:\/\/prom.put.poznan.pl\/wp-content\/uploads\/2025\/02\/PUT_IPV_Std_Zalacznik-nr-3_Deklaracja-przystapienia-do-udzialu-w-projekcie.pdf\" data-type=\"attachment\" data-id=\"339\">Za\u0142\u0105cznik nr 3: Deklaracja przyst\u0105pienia do udzia\u0142u w Projekcie<\/a><\/li>\n\n\n\n<li><a href=\"https:\/\/prom.put.poznan.pl\/wp-content\/uploads\/2025\/02\/PUT_IPV_Std_Zalacznik-nr-4_Formularz-danych-osobowych-uczestnika-projektu.pdf\" data-type=\"attachment\" data-id=\"332\">Za\u0142\u0105cznik nr 4: Formularz danych osobowych Uczestniczki\/Uczestnika Projektu<\/a><\/li>\n\n\n\n<li><a href=\"https:\/\/prom.put.poznan.pl\/wp-content\/uploads\/2025\/02\/PUT_IPV_Std_Zalacznik-nr-5_Oswiadczenie-Uczestnika-Projektu-RODO.pdf\" data-type=\"attachment\" data-id=\"333\">Za\u0142\u0105cznik nr 5: O\u015bwiadczenie Uczestniczki\/Uczestnika Projektu dotycz\u0105ce zapoznania si\u0119\u0328 z zasadami przetwarzania danych osobowych<\/a><\/li>\n\n\n\n<li><a href=\"https:\/\/prom.put.poznan.pl\/wp-content\/uploads\/2025\/02\/PUT_IPV_Std_Zalacznik-nr-6_Zgoda-Uczestnika-Projektu-na-przetwarzanie-danych-osobowych-i-wizerunku.pdf\" data-type=\"attachment\" data-id=\"334\">Za\u0142\u0105cznik nr 6: Zgoda Uczestniczki\/Uczestnika Projektu na przetwarzanie danych osobowych i wizerunku<\/a><\/li>\n\n\n\n<li><a href=\"https:\/\/prom.put.poznan.pl\/wp-content\/uploads\/2025\/02\/PUT_IPV_Std_Zalacznik-nr-7_Zestawienie-stawek-dziennych-stypendium.pdf\" data-type=\"attachment\" data-id=\"335\">Za\u0142\u0105cznik nr 7: Zestawienie stawek dziennych stypendium dla Uczestniczki\/Uczestnika Projektu<\/a><\/li>\n\n\n\n<li><a href=\"https:\/\/prom.put.poznan.pl\/wp-content\/uploads\/2025\/02\/PUT_IPV_Std_Zalacznik-nr-8_Zestawienie-dziennych-stawek-ryczaltowych-kosztow-utrzymania-i-zakwaterowania.pdf\" data-type=\"attachment\" data-id=\"336\">Za\u0142\u0105cznik nr 8: Zestawienie stawek rycza\u0142towych koszt\u00f3w podr\u00f3\u017cy Uczestniczki\/Uczestnika, ubezpieczenia zdrowotnego, OC, NNW, op\u0142at wizowych lub zwi\u0105zanych z legalizacj\u0105 pobytu<\/a><\/li>\n\n\n\n<li><a href=\"https:\/\/prom.put.poznan.pl\/wp-content\/uploads\/2025\/02\/PUT_IPV_Std_Zalacznik-nr-9_Zestawienie-stawek-ryczaltowych-kosztow-podrozy.pdf\" data-type=\"attachment\" data-id=\"337\">Za\u0142\u0105cznik nr 9: Zestawienie dziennych stawek rycza\u0142towych koszt\u00f3w utrzymania i zakwaterowania Uczestniczki\/Uczestnika<\/a><\/li>\n<\/ul>\n","protected":false},"excerpt":{"rendered":"<p>REKRUTACJA ZAMKNI\u0118TA \/ RECRUITMENT CLOSED Lista rankingowa dost\u0119pna tutaj. Rekrutacja dla pracownik\u00f3w i student\u00f3w na zagraniczny wyjazd trwaj\u0105cy 7 dni (w\u0142\u0105cznie z czasem przeznaczonym na podr\u00f3\u017c) do Instituto Polit\u00e9cnico de Viseu (IPV), Viseu, Portugalia. KWA dla kadry b\u0119dzie dotyczy\u0142a prowadzania zaj\u0119\u0107 dydaktycznych i udzia\u0142u w przygotowywaniu mi\u0119dzynarodowego wniosku projektowego w zakresie dydaktyki.&nbsp;Dla student\u00f3w udzia\u0142u w [&hellip;]<\/p>\n","protected":false},"author":1,"featured_media":0,"parent":0,"menu_order":0,"comment_status":"closed","ping_status":"closed","template":"","meta":{"footnotes":""},"class_list":["post-26","page","type-page","status-publish","hentry"],"_links":{"self":[{"href":"https:\/\/prom.put.poznan.pl\/index.php?rest_route=\/wp\/v2\/pages\/26","targetHints":{"allow":["GET"]}}],"collection":[{"href":"https:\/\/prom.put.poznan.pl\/index.php?rest_route=\/wp\/v2\/pages"}],"about":[{"href":"https:\/\/prom.put.poznan.pl\/index.php?rest_route=\/wp\/v2\/types\/page"}],"author":[{"embeddable":true,"href":"https:\/\/prom.put.poznan.pl\/index.php?rest_route=\/wp\/v2\/users\/1"}],"replies":[{"embeddable":true,"href":"https:\/\/prom.put.poznan.pl\/index.php?rest_route=%2Fwp%2Fv2%2Fcomments&post=26"}],"version-history":[{"count":6,"href":"https:\/\/prom.put.poznan.pl\/index.php?rest_route=\/wp\/v2\/pages\/26\/revisions"}],"predecessor-version":[{"id":366,"href":"https:\/\/prom.put.poznan.pl\/index.php?rest_route=\/wp\/v2\/pages\/26\/revisions\/366"}],"wp:attachment":[{"href":"https:\/\/prom.put.poznan.pl\/index.php?rest_route=%2Fwp%2Fv2%2Fmedia&parent=26"}],"curies":[{"name":"wp","href":"https:\/\/api.w.org\/{rel}","templated":true}]}}