{"id":51,"date":"2024-10-14T12:06:57","date_gmt":"2024-10-14T12:06:57","guid":{"rendered":"https:\/\/prom.put.poznan.pl\/?page_id=51"},"modified":"2024-10-14T12:06:57","modified_gmt":"2024-10-14T12:06:57","slug":"o-projekcie","status":"publish","type":"page","link":"https:\/\/prom.put.poznan.pl\/?page_id=51","title":{"rendered":"O projekcie"},"content":{"rendered":"\n<p class=\"has-text-align-left\">W ramach Projektu, Politechnika Pozna\u0144ska (PP), a w szczeg\u00f3lno\u015bci jednostki PP wnioskuj\u0105ce, zamierzaj\u0105 realizowa\u0107 jeden z podstawowych, najwa\u017cniejszych element\u00f3w Strategii Rozwoju Politechniki Pozna\u0144skiej (PP) na lata 2021-2030, tj. umi\u0119dzynarodowienie. Umi\u0119dzynarodowienie procesu kszta\u0142cenia i bada\u0144 naukowych s\u0142u\u017cy podniesieniu jako\u015bci kszta\u0142cenia, daje mo\u017cliwo\u015b\u0107 zdobywania unikatowych kompetencji, a tak\u017ce jest szans\u0105 na zwi\u0119kszenie efektywno\u015bci bada\u0144 oraz rozpoznawalno\u015bci polskiego dorobku naukowego na \u015bwiecie. W Strategii Uczelni zosta\u0142o zapisane, \u017ce umi\u0119dzynarodowienie powinno si\u0119 opiera\u0107 na wymianie os\u00f3b studiuj\u0105cych, doktorantek i doktorant\u00f3w oraz pracownik\u00f3w, \u015bcis\u0142ej wsp\u00f3\u0142pracy z partnerami z Unii Europejskiej<br>i spoza niej, a tak\u017ce uczestnictwie w projektach wsp\u00f3\u0142pracy europejskiej i mi\u0119dzynarodowej. Nowatorskim pomys\u0142em na zwi\u0119kszenie mobilno\u015bci student\u00f3w i kadry, nawet do 50% os\u00f3b, s\u0105 tzw. Uniwersytety europejskie. PP jest koordynatorem Uniwersytetu Europejskiego z misj\u0105 kszta\u0142cenia dedykowanego (EUNICE) .<\/p>\n\n\n\n<p>Projekt bazuje na pi\u0119ciu podstawowych filarach:<\/p>\n\n\n\n<ol class=\"wp-block-list\">\n<li>Wzro\u015bcie liczby zrealizowanych kr\u00f3tkookresowych mobilno\u015bci do uczelni o uznanej renomie, znajduj\u0105cych si\u0119 w krajach o niskim dotychczas wska\u017aniku mobilno\u015bci<br>(Wietnam, Singapur, Australia).<\/li>\n\n\n\n<li>Wzro\u015bcie liczby zrealizowanych kr\u00f3tkookresowych mobilno\u015bci do wybranych uczelni wchodz\u0105cych w sk\u0142ad EUNICE, tj. do nowo-przyj\u0119tej uczelni IPV z Portugalii oraz<br>Unversity of Cantabria z Hiszpanii (o niskim dotychczas wska\u017aniku mobilno\u015bci).<\/li>\n\n\n\n<li>Wzro\u015bcie liczby zrealizowanych kr\u00f3tkookresowych mobilno\u015bci przez doktorantki i doktorant\u00f3w, niezb\u0119dnych do prowadzenia niezale\u017cnych bada\u0144.<\/li>\n\n\n\n<li>Rozwoju kompetencji os\u00f3b studiuj\u0105cych, doktorant\u00f3w i doktorantek oraz kadry z kraju i z zagranicy poprzez realizacj\u0119 kr\u00f3tkookresowej mi\u0119dzynarodowej wymiany<br>stypendialnej, obejmuj\u0105cej udzia\u0142 w kursach, warsztatach, badaniach naukowych, aktywno\u015bciach sportowych<\/li>\n\n\n\n<li>Wzro\u015bcie jako\u015bci kszta\u0142cenia dzi\u0119ki realizacji kr\u00f3tkookresowych wymian os\u00f3b studiuj\u0105cych, doktorant\u00f3w i doktorantek oraz kadry z kraju i z zagranicy w wyniku<br>mo\u017cliwo\u015bci zdobycia do\u015bwiadcze\u0144 mi\u0119dzynarodowych, odbycia praktyk w odmiennym \u015brodowisku oraz poznania r\u00f3\u017cnorodno\u015bci kulturowej i j\u0119zykowej.<\/li>\n<\/ol>\n\n\n\n<p>W projekcie procesowi umi\u0119dzynarodowienia b\u0119d\u0105 podlega\u0107 trzy grupy interesariuszy, tj. osoby studiuj\u0105ce (reprezentowane najliczniej w Projekcie); doktorantki i doktoranci oraz kadra badawczo-naukowa. Kr\u00f3tkoterminowa wymiana stypendialna, umo\u017cliwiaj\u0105ca realizacj\u0119 mobilno\u015bci, b\u0119dzie obejmowa\u0107 przedstawicieli tych trzech grup zar\u00f3wno na Politechnice Pozna\u0144skiej, jak i w o\u015brodkach zagranicznych.<br>Dla poszczeg\u00f3lnych grup interesariuszy przewidziano odr\u0119bne formy aktywno\u015bci, a do formy aktywno\u015bci &#8211; czas ich trwania. W projekcie realizowane b\u0119d\u0105 nast\u0119puj\u0105ce formy aktywno\u015bci:<\/p>\n\n\n\n<ol class=\"wp-block-list\">\n<li>udzia\u0142 w warsztatach, sta\u017cach, wizytach studyjnych,<\/li>\n\n\n\n<li>udzia\u0142 w szkole letniej lub szkole zimowej,<\/li>\n\n\n\n<li>pozyskanie materia\u0142\u00f3w do pracy doktorskiej, artyku\u0142u naukowego,<\/li>\n\n\n\n<li>prowadzenie zaj\u0119\u0107 dydaktycznych,<\/li>\n\n\n\n<li>wykonanie pomiar\u00f3w z wykorzystaniem unikatowej aparatury, testowanie aparatury badawczej, unikalnego instrumentarium artystycznego,<\/li>\n<\/ol>\n\n\n\n<p>Mobilno\u015bci os\u00f3b studiuj\u0105cych i kadry b\u0119d\u0105 trwa\u0107 od 7 do 12 dni, natomiast doktorantek i doktorant\u00f3w b\u0119d\u0105 trwa\u0107 12 dni w przypadku 12 os\u00f3b oraz 30 dni w przypadku 14 os\u00f3b.<br>Przewidujemy kr\u00f3tkoterminow\u0105 wymian\u0119 stypendialn\u0105 z uczelniami m.in. z Europy, Azji, Australii. Do realizacji mobilno\u015bci wybrane zostan\u0105 te uczelnie zagraniczne, kt\u00f3re w najwi\u0119kszym stopniu przyczyni\u0105 si\u0119 do osi\u0105gni\u0119cia cel\u00f3w projektu, tj. jak najwi\u0119kszego wzrostu kompetencji, jak i wzrostu os\u00f3b i instytucji uczestnicz\u0105cych w mobilno\u015bci.<br>W przypadku mobilno\u015bci os\u00f3b studiuj\u0105cych i kadry, na podstawie analizy potrzeb wst\u0119pnie wybrano nast\u0119puj\u0105ce podmioty:<\/p>\n\n\n\n<ol class=\"wp-block-list\">\n<li>The Royal Melbourne Institute of Technology Vietnam (RMIT),<\/li>\n\n\n\n<li>University of Technology Sydney (UTS), Sydney, Australia,<\/li>\n\n\n\n<li>Nanyang Technological University &#8211; NTU Singapore,<\/li>\n\n\n\n<li>University of Cantabria (UC), Santander, Hiszpania,<\/li>\n\n\n\n<li>IPV, Viseu, Portugalia.<\/li>\n<\/ol>\n\n\n\n<p>W przypadku doktorantek i doktorant\u00f3w, w wyniku analizy potrzeb, postawiono przede wszystkim na umo\u017cliwienie im samodzielnego podejmowania decyzji o wyborze miejsca mobilno\u015bci.<br>Tak szerokie spektrum uczelni oraz aktywno\u015bci pozwoli Uczestnikom odbycia praktyk w odmiennym \u015brodowisku oraz poznania r\u00f3\u017cnorodno\u015bci kulturowej i j\u0119zykowej.<br>Zrealizowana w projekcie mi\u0119dzynarodowa mobilno\u015b\u0107 akademicka przyczyni si\u0119 do zwi\u0119kszenia kompetencji w zakresie specjalistycznej wiedzy, kompetencji j\u0119zykowych, oraz szerokiego spektrum kompetencji mi\u0119kkich, niezb\u0119dnych do wsp\u00f3\u0142pracy w bardzo r\u00f3\u017cnorodnych \u015brodowiskach kulturowych.<\/p>\n\n\n\n<p>Kierownikiem projektu jest: prof. dr hab. in\u017c. Mariusz G\u0142\u0105bowski<\/p>\n","protected":false},"excerpt":{"rendered":"<p>W ramach Projektu, Politechnika Pozna\u0144ska (PP), a w szczeg\u00f3lno\u015bci jednostki PP wnioskuj\u0105ce, zamierzaj\u0105 realizowa\u0107 jeden z podstawowych, najwa\u017cniejszych element\u00f3w Strategii Rozwoju Politechniki Pozna\u0144skiej (PP) na lata 2021-2030, tj. umi\u0119dzynarodowienie. Umi\u0119dzynarodowienie procesu kszta\u0142cenia i bada\u0144 naukowych s\u0142u\u017cy podniesieniu jako\u015bci kszta\u0142cenia, daje mo\u017cliwo\u015b\u0107 zdobywania unikatowych kompetencji, a tak\u017ce jest szans\u0105 na zwi\u0119kszenie efektywno\u015bci bada\u0144 oraz rozpoznawalno\u015bci polskiego [&hellip;]<\/p>\n","protected":false},"author":1,"featured_media":0,"parent":0,"menu_order":0,"comment_status":"closed","ping_status":"closed","template":"","meta":{"footnotes":""},"class_list":["post-51","page","type-page","status-publish","hentry"],"_links":{"self":[{"href":"https:\/\/prom.put.poznan.pl\/index.php?rest_route=\/wp\/v2\/pages\/51","targetHints":{"allow":["GET"]}}],"collection":[{"href":"https:\/\/prom.put.poznan.pl\/index.php?rest_route=\/wp\/v2\/pages"}],"about":[{"href":"https:\/\/prom.put.poznan.pl\/index.php?rest_route=\/wp\/v2\/types\/page"}],"author":[{"embeddable":true,"href":"https:\/\/prom.put.poznan.pl\/index.php?rest_route=\/wp\/v2\/users\/1"}],"replies":[{"embeddable":true,"href":"https:\/\/prom.put.poznan.pl\/index.php?rest_route=%2Fwp%2Fv2%2Fcomments&post=51"}],"version-history":[{"count":1,"href":"https:\/\/prom.put.poznan.pl\/index.php?rest_route=\/wp\/v2\/pages\/51\/revisions"}],"predecessor-version":[{"id":52,"href":"https:\/\/prom.put.poznan.pl\/index.php?rest_route=\/wp\/v2\/pages\/51\/revisions\/52"}],"wp:attachment":[{"href":"https:\/\/prom.put.poznan.pl\/index.php?rest_route=%2Fwp%2Fv2%2Fmedia&parent=51"}],"curies":[{"name":"wp","href":"https:\/\/api.w.org\/{rel}","templated":true}]}}