{"id":70,"date":"2024-10-14T12:19:21","date_gmt":"2024-10-14T12:19:21","guid":{"rendered":"https:\/\/prom.put.poznan.pl\/?page_id=70"},"modified":"2025-05-07T12:08:40","modified_gmt":"2025-05-07T12:08:40","slug":"szkola-doktorska","status":"publish","type":"page","link":"https:\/\/prom.put.poznan.pl\/?page_id=70","title":{"rendered":"Szko\u0142a doktorska"},"content":{"rendered":"\n<p><strong><a style=\"color:red\">REKRUTACJA ZAMKNI\u0118TA<\/a><\/strong> (<a style=\"color:blue\">NAB\u00d3R UZUPE\u0141NIAJ\u0104CY<\/a>) \/ <strong><a style=\"color:red\">RECRUITMENT CLOSED<\/a><\/strong> (<a style=\"color:blue\">SUPPLEMENTARY RECRUITMENT<\/a>)<\/p>\n\n\n\n<ul class=\"wp-block-list\">\n<li><a href=\"https:\/\/prom.put.poznan.pl\/wp-content\/uploads\/2025\/05\/SzDII_lista-rankingowa_zanonimizowana.pdf\" data-type=\"attachment\" data-id=\"516\">Lista rankingowa (ranking list)<\/a><\/li>\n<\/ul>\n\n\n\n<p><a style=\"color: blue\">NAB\u00d3R UZUPE\u0141NIAJ\u0104CY OTWARTY<\/a><\/p>\n\n\n\n<p>Uruchomiony zosta\u0142 nab\u00f3r uzupe\u0142niaj\u0105cy. <\/p>\n\n\n\n<p>Zg\u0142oszenia przyjmowane s\u0105 do 18 kwietnia 2025. Mail, na kt\u00f3ry nale\u017cy przes\u0142a\u0107 zg\u0142oszenia dost\u0119pny jest we wnioskach (formularzach). Formularz aplikacyjny i regulamin dost\u0119pne poni\u017cej:<\/p>\n\n\n\n<ul class=\"wp-block-list\">\n<li><a href=\"https:\/\/prom.put.poznan.pl\/wp-content\/uploads\/2025\/03\/SzD2_v2_Zalacznik-nr-1_-formularz_aplikacyjny.docx\" data-type=\"attachment\" data-id=\"379\">Formularz aplikacyjny<\/a><\/li>\n\n\n\n<li><a href=\"https:\/\/prom.put.poznan.pl\/wp-content\/uploads\/2025\/03\/SzD2-regulamin-rekrutacji_PROM_v2.pdf\" data-type=\"attachment\" data-id=\"370\">Regulamin<\/a><\/li>\n<\/ul>\n\n\n\n<p><a style=\"color: blue\">SUPPLEMENTARY RECRUITMENT OPEN<\/a><\/p>\n\n\n\n<p>Applications are accepted until April 18, 2025. The email to which applications should be sent is available in the applications (forms). Application form and regulations available below:<\/p>\n\n\n\n<ul class=\"wp-block-list\">\n<li><a href=\"https:\/\/prom.put.poznan.pl\/wp-content\/uploads\/2025\/03\/SzD2_v2_ENG_Appendix-No-1_-application_form-1.docx\" data-type=\"attachment\" data-id=\"380\">Application form<\/a><\/li>\n\n\n\n<li><a href=\"https:\/\/prom.put.poznan.pl\/wp-content\/uploads\/2025\/03\/SzD2_ENG_SzD-Terms-and-regulations_PROM_v2.pdf\" data-type=\"attachment\" data-id=\"371\">Terms and regulations<\/a><\/li>\n<\/ul>\n\n\n\n<p><strong><a style=\"color:red\">REKRUTACJA ZAMKNI\u0118TA<\/a><\/strong> \/ <strong><a style=\"color:red\">RECRUITMENT CLOSED<\/a><\/strong><\/p>\n\n\n\n<p>Lista rankingowa dost\u0119pna <a href=\"https:\/\/prom.put.poznan.pl\/wp-content\/uploads\/2025\/02\/Lista_rankingowaSzDv2.pdf\" data-type=\"attachment\" data-id=\"289\">tutaj<\/a>.<\/p>\n\n\n\n<p>Rekrutacja na zagraniczny wyjazd doktorantki\/doktoranta z Politechniki Pozna\u0144skiej lub przyjazd do Polski doktorantki\/doktoranta z Zagranicznej uczelni, trwaj\u0105cy 30 dni (w\u0142\u0105cznie z czasem przeznaczonym na podr\u00f3\u017c), realizowany w ramach Projektu.<\/p>\n\n\n\n<p>Czas trwania naboru: 16.12.2024 &#8211; 20.01.2025<\/p>\n\n\n\n<p>W przypadku niewykorzystania \u015brodk\u00f3w w I naborze, przewidziany jest nab\u00f3r uzupe\u0142niaj\u0105cy w kwietniu 2024.<\/p>\n\n\n\n<p>Regulamin rekrutacji [<a href=\"https:\/\/prom.put.poznan.pl\/wp-content\/uploads\/2024\/12\/SzD-regulamin-rekrutacji_PROM_v2.pdf\" data-type=\"attachment\" data-id=\"223\">PDF<\/a>]<\/p>\n\n\n\n<ul class=\"wp-block-list\">\n<li><a href=\"https:\/\/prom.put.poznan.pl\/wp-content\/uploads\/2024\/12\/SzD_2_Zalacznik-nr-1_-formularz_aplikacyjny.docx\" data-type=\"attachment\" data-id=\"202\">Za\u0142\u0105cznik nr 1: Formularz aplikacyjny<\/a>&nbsp;<\/li>\n\n\n\n<li><a href=\"https:\/\/prom.put.poznan.pl\/wp-content\/uploads\/2024\/11\/SzD-Zalacznik-nr-2_merytoryczne-sprawozdanie-z-KWA.docx\" data-type=\"attachment\" data-id=\"164\">Za\u0142\u0105cznik nr 2: Merytoryczne sprawozdanie z KWA<\/a>&nbsp;<\/li>\n\n\n\n<li><a href=\"https:\/\/prom.put.poznan.pl\/wp-content\/uploads\/2024\/11\/SzD-Zalacznik-nr-3_Deklaracja-przystapienia-do-udzialu-w-projekcie.docx\" data-type=\"attachment\" data-id=\"166\">Za\u0142\u0105cznik nr 3: Deklaracja przyst\u0105pienia do udzia\u0142u w Projekcie<\/a>&nbsp;<\/li>\n\n\n\n<li><a href=\"https:\/\/prom.put.poznan.pl\/wp-content\/uploads\/2024\/11\/SzD-Zalacznik-nr-4_Formularz-danych-osobowych-uczestnika-projektu.docx\" data-type=\"attachment\" data-id=\"167\">Za\u0142\u0105cznik nr 4: Formularz danych osobowych Uczestniczki\/Uczestnika Projektu<\/a>&nbsp;&nbsp;<\/li>\n\n\n\n<li><a href=\"https:\/\/prom.put.poznan.pl\/wp-content\/uploads\/2024\/11\/SzD-Zalacznik-nr-5_Oswiadczenie-Uczestnika-Projektu-RODO.docx\" data-type=\"attachment\" data-id=\"168\">Za\u0142\u0105cznik nr 5: O\u015bwiadczenie Uczestniczki\/Uczestnika Projektu dotycz\u0105ce zapoznania si\u0119\u0328 z zasadami przetwarzania danych osobowych<\/a>&nbsp;<\/li>\n\n\n\n<li><a href=\"https:\/\/prom.put.poznan.pl\/wp-content\/uploads\/2024\/11\/SzD-Zalacznik-nr-6_Zgoda-Uczestnika-Projektu-na-przetwarzanie-danych-osobowych-i-wizerunku.docx\" data-type=\"attachment\" data-id=\"169\">Za\u0142\u0105cznik nr 6: Zgoda Uczestniczki\/Uczestnika Projektu na przetwarzanie danych osobowych i wizerunku<\/a>&nbsp;<\/li>\n\n\n\n<li><a href=\"https:\/\/prom.put.poznan.pl\/wp-content\/uploads\/2024\/11\/SzD-Zalacznik-nr-7_Zestawienie-stawek-dziennych-stypendium.docx\" data-type=\"attachment\" data-id=\"170\">Za\u0142\u0105cznik nr 7: Zestawienie stawek dziennych stypendium dla Uczestniczki\/Uczestnika Projektu<\/a>&nbsp;<\/li>\n\n\n\n<li><a href=\"https:\/\/prom.put.poznan.pl\/wp-content\/uploads\/2024\/11\/SzD-Zalacznik-nr-8_Zestawienie-stawek-ryczaltowych-kosztow-podrozy.docx\" data-type=\"attachment\" data-id=\"171\">Za\u0142\u0105cznik nr 8: Zestawienie stawek rycza\u0142towych koszt\u00f3w podr\u00f3\u017cy Uczestniczki\/Uczestnika, ubezpieczenia zdrowotnego, OC, NNW, op\u0142at wizowych lub zwi\u0105zanych z legalizacj\u0105 pobytu<\/a>&nbsp;&nbsp;<\/li>\n\n\n\n<li><a href=\"https:\/\/prom.put.poznan.pl\/wp-content\/uploads\/2024\/11\/SzD-Zalacznik-nr-9_Zestawienie-dziennych-stawek-ryczaltowych-kosztow-utrzymania-i-zakwaterowania.docx\" data-type=\"attachment\" data-id=\"172\">Za\u0142\u0105cznik nr 9: Zestawienie dziennych stawek rycza\u0142towych koszt\u00f3w utrzymania i zakwaterowania Uczestniczki\/Uczestnika<\/a>&nbsp;<\/li>\n\n\n\n<li><a href=\"https:\/\/prom.put.poznan.pl\/wp-content\/uploads\/2024\/11\/SzD-Zalacznik-nr-10_Certyfikat_PROM_doktoranci.docx\" data-type=\"attachment\" data-id=\"158\">Za\u0142\u0105cznik nr 10: Potwierdzenie zrealizowania KWA<\/a>&nbsp;&nbsp;<\/li>\n\n\n\n<li><a href=\"https:\/\/prom.put.poznan.pl\/wp-content\/uploads\/2024\/11\/SzD-Zalacznik-nr-11_Umowa_KWA_doktorant_PROM.docx\" data-type=\"attachment\" data-id=\"159\">Za\u0142\u0105cznik nr 11: Umowa z Uczestniczk\u0105\/Uczestnikiem Projektu<\/a>\n<ul class=\"wp-block-list\">\n<li><a href=\"https:\/\/prom.put.poznan.pl\/wp-content\/uploads\/2024\/11\/SzD-Zalacznik-2-do-umowy-formularz_kalkulacji_kosztow_PROM.docx\" data-type=\"attachment\" data-id=\"162\">Formularz kalkulacji koszt\u00f3w KWA<\/a>&nbsp;&nbsp;<\/li>\n\n\n\n<li>Potwierdzenie zrealizowania KWA (za\u0142\u0105cznik nr 10 do Regulaminu)&nbsp;<\/li>\n\n\n\n<li>Merytoryczne sprawozdanie z KWA (za\u0142\u0105cznik nr 2 do Regulaminu)&nbsp;&nbsp;<\/li>\n\n\n\n<li><a href=\"https:\/\/prom.put.poznan.pl\/wp-content\/uploads\/2024\/11\/SzD-Zalacznik-5-do-umowy-rozliczenie-finansowe-KWA_PROM.docx\" data-type=\"attachment\" data-id=\"165\">Rozliczenie finansowe KWA<\/a>&nbsp;<\/li>\n\n\n\n<li>Deklaracja przyst\u0105pienia do udzia\u0142u w Projekcie (za\u0142\u0105cznik nr 3 do Regulaminu)&nbsp;<\/li>\n\n\n\n<li>Formularz danych osobowych Uczestniczki\/Uczestnika Projektu (za\u0142\u0105cznik nr 4 do Regulaminu)&nbsp;<\/li>\n\n\n\n<li>O\u015bwiadczenie Uczestniczki\/Uczestnika Projektu dotycz\u0105ce zapoznania sie\u0328 z zasadami przetwarzania danych osobowych (za\u0142\u0105cznik nr 5 do Regulaminu)&nbsp;<\/li>\n\n\n\n<li>Zgoda Uczestniczki\/Uczestnika Projektu na przetwarzanie danych osobowych i wizerunku (za\u0142\u0105cznik nr 6 do Regulaminu)&nbsp;&nbsp;<\/li>\n<\/ul>\n<\/li>\n\n\n\n<li><a href=\"https:\/\/prom.put.poznan.pl\/wp-content\/uploads\/2024\/11\/SzD-Zalacznik-nr-12_ankiety-ex-ante-ex-post-dla-doktorantow_v2.docx\" data-type=\"attachment\" data-id=\"160\">Za\u0142\u0105cznik nr 12: Ankieta Ex-ante\/Ex-post<\/a>&nbsp;<\/li>\n<\/ul>\n\n\n\n<p>Recruitment for a doctoral students from Poznan University of Technology to go abroad, lasting 30 days (including time for travel), carried out as part of the Project.<\/p>\n\n\n\n<p>Duration of the call:&nbsp;<a href=\"callto:16.12.2024 - 20.01\">16.12.2024 &#8211; 20.01<\/a>.2025<\/p>\n\n\n\n<p>In the event of unused funds in the 1st call, a supplementary call in April 2024 is foreseen.<\/p>\n\n\n\n<p>Regulations of Recruitment [<a href=\"https:\/\/prom.put.poznan.pl\/wp-content\/uploads\/2024\/12\/ENG_SzD-regulamin-rekrutacji_PROM_v2.pdf\" data-type=\"attachment\" data-id=\"224\">PDF<\/a>]<\/p>\n\n\n\n<ul class=\"wp-block-list\">\n<li><a href=\"https:\/\/prom.put.poznan.pl\/wp-content\/uploads\/2024\/12\/ENG_SzD_Zalacznik-nr-1_-formularz_aplikacyjny.docx\" data-type=\"attachment\" data-id=\"219\">Appendix No. 1: Application form<\/a>&nbsp;<\/li>\n\n\n\n<li><a href=\"https:\/\/prom.put.poznan.pl\/wp-content\/uploads\/2024\/12\/ENG_SzD_Zalacznik-nr-2_merytoryczne-sprawozdanie-z-KWA.docx\" data-type=\"attachment\" data-id=\"205\">Appendix No. 2: Substantive report from KWA<\/a>&nbsp;<\/li>\n\n\n\n<li><a href=\"https:\/\/prom.put.poznan.pl\/wp-content\/uploads\/2024\/12\/ENG_SzD_Zalacznik-nr-3_Deklaracja-przystapienia-do-udzialu-w-projekcie.docx\" data-type=\"attachment\" data-id=\"208\">Appendix No. 3: Declaration of participation in the Project<\/a>&nbsp;<\/li>\n\n\n\n<li><a href=\"https:\/\/prom.put.poznan.pl\/wp-content\/uploads\/2024\/12\/ENG_SzD_Zalacznik-nr-4_Formularz-danych-osobowych-uczestnika-projektu.docx\" data-type=\"attachment\" data-id=\"209\">Appendix No. 4: Project Participant&#8217;s Personal Data Form<\/a>&nbsp;&nbsp;<\/li>\n\n\n\n<li><a href=\"https:\/\/prom.put.poznan.pl\/wp-content\/uploads\/2024\/12\/ENG_SzD_Zalacznik-nr-5_Oswiadczenie-Uczestnika-Projektu-RODO.docx\" data-type=\"attachment\" data-id=\"210\">Appendix No. 5: Declaration of the Project Participant regarding familiarization with the principles of personal data processing<\/a>&nbsp;<\/li>\n\n\n\n<li><a href=\"https:\/\/prom.put.poznan.pl\/wp-content\/uploads\/2024\/12\/ENG_SzD_Zalacznik-nr-6_Zgoda-Uczestnika-Projektu-na-przetwarzanie-danych-osobowych-i-wizerunku.docx\" data-type=\"attachment\" data-id=\"211\">Appendix No. 6: Consent of the Project Participant to the Processing of Personal Data and Images<\/a>&nbsp;<\/li>\n\n\n\n<li><a href=\"https:\/\/prom.put.poznan.pl\/wp-content\/uploads\/2024\/12\/ENG_SzD_Zalacznik-nr-7_Zestawienie-stawek-dziennych-stypendium.docx\" data-type=\"attachment\" data-id=\"212\">Appendix No. 7: List of daily scholarship rates for the Project Participant<\/a>&nbsp;<\/li>\n\n\n\n<li><a href=\"https:\/\/prom.put.poznan.pl\/wp-content\/uploads\/2024\/12\/ENG_SzD_Zalacznik-nr-8_Zestawienie-stawek-ryczaltowych-kosztow-podrozy.docx\" data-type=\"attachment\" data-id=\"213\">Appendix No. 8: List of flat rate rates for the Project Participant&#8217;s travel costs, health insurance, liability insurance, personal accident insurance, visa fees, or fees related to the legalization of stay<\/a>&nbsp;&nbsp;<\/li>\n\n\n\n<li><a href=\"https:\/\/prom.put.poznan.pl\/wp-content\/uploads\/2024\/12\/ENG_SzD_Zalacznik-nr-9_Zestawienie-dziennych-stawek-ryczaltowych-kosztow-utrzymania-i-zakwaterowania.docx\" data-type=\"attachment\" data-id=\"214\">Appendix No. 9: List of daily flat rate rates for the Participant&#8217;s living and accommodation costs<\/a>&nbsp;<\/li>\n\n\n\n<li><a href=\"https:\/\/prom.put.poznan.pl\/wp-content\/uploads\/2024\/12\/ENG_SzD_Zalacznik-nr-10_Certyfikat_PROM_doktoranci.docx\" data-type=\"attachment\" data-id=\"215\">Appendix No. 10: KWA completion confirmation<\/a>&nbsp;<\/li>\n\n\n\n<li><a href=\"https:\/\/prom.put.poznan.pl\/wp-content\/uploads\/2024\/12\/ENG_SzD_Zalacznik-nr-11_Umowa_KWA_doktorant_PROM.docx\" data-type=\"attachment\" data-id=\"216\">Appendix No. 11: Project Participant Agreement<\/a>\n<ul class=\"wp-block-list\">\n<li><a href=\"https:\/\/prom.put.poznan.pl\/wp-content\/uploads\/2024\/12\/ENG_SzD_Zalacznik-2-do-umowy-formularz_kalkulacji_kosztow_PROM.docx\" data-type=\"attachment\" data-id=\"206\">KWA cost calculation form<\/a>&nbsp;&nbsp;<\/li>\n\n\n\n<li>KWA completion confirmation (Appendix No. 10 to the Regulations)&nbsp;<\/li>\n\n\n\n<li>Substantive report from KWA (Appendix No. 2 to the Regulations)&nbsp;<\/li>\n\n\n\n<li><a href=\"https:\/\/prom.put.poznan.pl\/wp-content\/uploads\/2024\/12\/ENG_SzD_Zalacznik-5-do-umowy-rozliczenie-finansowe-KWA_PROM.docx\" data-type=\"attachment\" data-id=\"207\">KWA financial settlement<\/a>&nbsp;<\/li>\n\n\n\n<li>Declaration of participation in the Project (Appendix No. 3 to the Regulations)&nbsp;<\/li>\n\n\n\n<li>Project Participant&#8217;s Personal Data Form (Appendix No. 4 to the Regulations)&nbsp;<\/li>\n\n\n\n<li>Declaration of the Project Participant regarding familiarization with the principles of personal data processing (Appendix No. 5 to the Regulations)&nbsp;<\/li>\n\n\n\n<li>Consent of the Project Participant to the processing of personal data and images (Appendix No. 6 to the Regulations)&nbsp;&nbsp;<\/li>\n<\/ul>\n<\/li>\n\n\n\n<li><a href=\"https:\/\/prom.put.poznan.pl\/wp-content\/uploads\/2024\/12\/ENG_SzD_Zalacznik-nr-12_ankiety-ex-ante-ex-post-dla-doktorantow_v2.docx\" data-type=\"attachment\" data-id=\"217\">Appendix No. 12: Ex-ante\/Ex-post survey<\/a>&nbsp;<\/li>\n<\/ul>\n","protected":false},"excerpt":{"rendered":"<p>REKRUTACJA ZAMKNI\u0118TA (NAB\u00d3R UZUPE\u0141NIAJ\u0104CY) \/ RECRUITMENT CLOSED (SUPPLEMENTARY RECRUITMENT) NAB\u00d3R UZUPE\u0141NIAJ\u0104CY OTWARTY Uruchomiony zosta\u0142 nab\u00f3r uzupe\u0142niaj\u0105cy. Zg\u0142oszenia przyjmowane s\u0105 do 18 kwietnia 2025. Mail, na kt\u00f3ry nale\u017cy przes\u0142a\u0107 zg\u0142oszenia dost\u0119pny jest we wnioskach (formularzach). Formularz aplikacyjny i regulamin dost\u0119pne poni\u017cej: SUPPLEMENTARY RECRUITMENT OPEN Applications are accepted until April 18, 2025. The email to which applications [&hellip;]<\/p>\n","protected":false},"author":1,"featured_media":0,"parent":0,"menu_order":0,"comment_status":"closed","ping_status":"closed","template":"","meta":{"footnotes":""},"class_list":["post-70","page","type-page","status-publish","hentry"],"_links":{"self":[{"href":"https:\/\/prom.put.poznan.pl\/index.php?rest_route=\/wp\/v2\/pages\/70","targetHints":{"allow":["GET"]}}],"collection":[{"href":"https:\/\/prom.put.poznan.pl\/index.php?rest_route=\/wp\/v2\/pages"}],"about":[{"href":"https:\/\/prom.put.poznan.pl\/index.php?rest_route=\/wp\/v2\/types\/page"}],"author":[{"embeddable":true,"href":"https:\/\/prom.put.poznan.pl\/index.php?rest_route=\/wp\/v2\/users\/1"}],"replies":[{"embeddable":true,"href":"https:\/\/prom.put.poznan.pl\/index.php?rest_route=%2Fwp%2Fv2%2Fcomments&post=70"}],"version-history":[{"count":21,"href":"https:\/\/prom.put.poznan.pl\/index.php?rest_route=\/wp\/v2\/pages\/70\/revisions"}],"predecessor-version":[{"id":517,"href":"https:\/\/prom.put.poznan.pl\/index.php?rest_route=\/wp\/v2\/pages\/70\/revisions\/517"}],"wp:attachment":[{"href":"https:\/\/prom.put.poznan.pl\/index.php?rest_route=%2Fwp%2Fv2%2Fmedia&parent=70"}],"curies":[{"name":"wp","href":"https:\/\/api.w.org\/{rel}","templated":true}]}}