{"id":73,"date":"2024-10-14T12:22:58","date_gmt":"2024-10-14T12:22:58","guid":{"rendered":"https:\/\/prom.put.poznan.pl\/?page_id=73"},"modified":"2024-10-14T12:22:58","modified_gmt":"2024-10-14T12:22:58","slug":"cele-projektu","status":"publish","type":"page","link":"https:\/\/prom.put.poznan.pl\/?page_id=73","title":{"rendered":"Cele projektu"},"content":{"rendered":"\n<p>Nadrz\u0119dnym celem Projektu jest rozw\u00f3j umi\u0119dzynarodowienia Politechniki Pozna\u0144skiej i podmiot\u00f3w zagranicznych, z kt\u00f3rymi realizowana b\u0119dzie kr\u00f3tkookresow\u0105 wymiana stypendialn\u0105. Projekt jest odpowiedzi\u0105 na potrzeb\u0119 zwi\u0119kszenia kompetencji os\u00f3b studiuj\u0105cych, doktorantek i doktorant\u00f3w oraz pracownik\u00f3w w wyniku realizacji<br>kr\u00f3tkookresowych wymian stypendialnych z uznanymi na \u015bwiecie uniwersytetami oraz w wyniku aktywnego udzia\u0142u w konferencjach mi\u0119dzynarodowych.<\/p>\n\n\n\n<p>Celami szczeg\u00f3\u0142owymi Projektu jest (1) zwi\u0119kszenie liczby wymian osobowych, (2) zwi\u0119kszenie spektrum uczelni wsp\u00f3\u0142pracuj\u0105cych w realizacji kr\u00f3tkoterminowych wymian stypendialnych, (3) zintensyfikowanie wymian osobowych z uczelniami z UE i spoza niej, (4) wzrost kompetencji uczestnik\u00f3w wymian osobowych oraz (5) wzrost jako\u015bci kszta\u0142cenia uczestnik\u00f3w wymian osobowych.<\/p>\n\n\n\n<p>Wskazane cele Projektu zapewni\u0105 realizacj\u0119 wszystkich trzech szczeg\u00f3\u0142owe cel\u00f3w Programu PROM, tj:<\/p>\n\n\n\n<ol class=\"wp-block-list\">\n<li>rozw\u00f3j kompetencji os\u00f3b studiuj\u0105cych, doktorant\u00f3w i doktorantek oraz kadry z kraju i z zagranicy poprzez realizacj\u0119 kr\u00f3tkookresowej mi\u0119dzynarodowej wymiany stypendialnej<\/li>\n\n\n\n<li>wzrost jako\u015bci kszta\u0142cenia dzi\u0119ki realizacji kr\u00f3tkookresowych wymian os\u00f3b studiuj\u0105cych, doktorant\u00f3w i doktorantek oraz kadry z kraju i z zagranicy<\/li>\n\n\n\n<li>wzrost liczby zrealizowanych kr\u00f3tkookresowych mobilno\u015bci<\/li>\n<\/ol>\n\n\n\n<p>W celu maksymalizacji osi\u0105gni\u0119cia warto\u015bci wska\u017anika okre\u015blaj\u0105cego wzrost kompetencji i jako\u015bci kszta\u0142cenia os\u00f3b studiuj\u0105cych oraz kadry, oraz na podstawie analizy potrzeb, Wnioskodawca wst\u0119pnie wybra\u0142 \u0142\u0105cznie pi\u0119\u0107 uczelni z &#8211; odpowiednio &#8211; Australii, Singapuru, Wietnamu, Hiszpanii i Portugalii, do realizacji kr\u00f3tkoterminowych wymian stypendialnych. Nie jest to lista zamkni\u0119ta, a ka\u017cdy wniosek o realizacj\u0119 wymiany b\u0119dzie analizowany indywidualnie przez powo\u0142an\u0105 w Projekcie Komisj\u0119 Rekrutacyjn\u0105, kt\u00f3ra b\u0119dzie koordynowa\u0107 mobilno\u015bci w spos\u00f3b zapewniaj\u0105cy maksymalizacj\u0119 cel\u00f3w Programu PROM. W przypadku doktorantek i doktorant\u00f3w, w wyniku analizy potrzeb, postawiono przede wszystkim na umo\u017cliwienie im samodzielnego podejmowania decyzji o wyborze miejsca mobilno\u015bci.<\/p>\n\n\n\n<p>Wymiana osobowa z The Royal Melbourne Institute of Technology Vietnam (RMIT), University of Technology Sydney (UTS), Sydney, Australia, oraz Nanyang Technological University &#8211; NTU Singapore pozwoli uczestnikom nawi\u0105za\u0107 wsp\u00f3\u0142prac\u0119 z uczelniami notowanymi bardzo wysoko w QS World University Rankings. Uczelnie te znane s\u0105 innowacyjnych program\u00f3w nauczania oraz silnego nacisku na badania i rozw\u00f3j; silnych powi\u0105za\u0144 z przemys\u0142em, daj\u0105cym studentom i pracownikom naukowym mo\u017cliwo\u015b\u0107 realizacji projekt\u00f3w badawczych, sta\u017cy i praktyk w realnym \u015brodowisku biznesowym; posiadania nowoczesnych laboratori\u00f3w, centr\u00f3w badawczych i zasob\u00f3w technologicznych; promowania wymiany akademickiej poprzez r\u00f3\u017cne programy i inicjatywy, kt\u00f3re wspieraj\u0105 mobilno\u015b\u0107 student\u00f3w i pracownik\u00f3w naukowych. Zlokalizowane s\u0105 one w jednych z najbardziej dynamicznych i kosmopolitycznych miast na \u015bwiecie, zapewniaj\u0105c nowe i bogate mo\u017cliwo\u015bci kulturalne, zawodowe i spo\u0142eczne.<\/p>\n\n\n\n<p>Wymiana osobowa z UC w Hiszpanii oraz IPV z Portugalii pozwoli istotnie zwi\u0119kszy\u0107 liczb\u0119 kr\u00f3tkookresowych mobilno\u015bci z uczelniami partnerskimi uniwersytetu EUNICE oraz przyczyni si\u0119 do lepszej integracji konsorcjum, umiej\u0119tno\u015bci wsp\u00f3lnego prowadzenia zaj\u0119\u0107 w \u015brodowisku wielokulturowym oraz do zwi\u0119kszenia kompetencji i jako\u015bci kszta\u0142cenia w zakresie najcz\u0119\u015bciej obecnie wybieranego obszaru w ramach EUNICE, to jest technologii informacyjnych.<\/p>\n","protected":false},"excerpt":{"rendered":"<p>Nadrz\u0119dnym celem Projektu jest rozw\u00f3j umi\u0119dzynarodowienia Politechniki Pozna\u0144skiej i podmiot\u00f3w zagranicznych, z kt\u00f3rymi realizowana b\u0119dzie kr\u00f3tkookresow\u0105 wymiana stypendialn\u0105. Projekt jest odpowiedzi\u0105 na potrzeb\u0119 zwi\u0119kszenia kompetencji os\u00f3b studiuj\u0105cych, doktorantek i doktorant\u00f3w oraz pracownik\u00f3w w wyniku realizacjikr\u00f3tkookresowych wymian stypendialnych z uznanymi na \u015bwiecie uniwersytetami oraz w wyniku aktywnego udzia\u0142u w konferencjach mi\u0119dzynarodowych. Celami szczeg\u00f3\u0142owymi Projektu jest (1) [&hellip;]<\/p>\n","protected":false},"author":1,"featured_media":0,"parent":0,"menu_order":0,"comment_status":"closed","ping_status":"closed","template":"","meta":{"footnotes":""},"class_list":["post-73","page","type-page","status-publish","hentry"],"_links":{"self":[{"href":"https:\/\/prom.put.poznan.pl\/index.php?rest_route=\/wp\/v2\/pages\/73","targetHints":{"allow":["GET"]}}],"collection":[{"href":"https:\/\/prom.put.poznan.pl\/index.php?rest_route=\/wp\/v2\/pages"}],"about":[{"href":"https:\/\/prom.put.poznan.pl\/index.php?rest_route=\/wp\/v2\/types\/page"}],"author":[{"embeddable":true,"href":"https:\/\/prom.put.poznan.pl\/index.php?rest_route=\/wp\/v2\/users\/1"}],"replies":[{"embeddable":true,"href":"https:\/\/prom.put.poznan.pl\/index.php?rest_route=%2Fwp%2Fv2%2Fcomments&post=73"}],"version-history":[{"count":1,"href":"https:\/\/prom.put.poznan.pl\/index.php?rest_route=\/wp\/v2\/pages\/73\/revisions"}],"predecessor-version":[{"id":74,"href":"https:\/\/prom.put.poznan.pl\/index.php?rest_route=\/wp\/v2\/pages\/73\/revisions\/74"}],"wp:attachment":[{"href":"https:\/\/prom.put.poznan.pl\/index.php?rest_route=%2Fwp%2Fv2%2Fmedia&parent=73"}],"curies":[{"name":"wp","href":"https:\/\/api.w.org\/{rel}","templated":true}]}}