{"id":90,"date":"2024-10-18T11:20:47","date_gmt":"2024-10-18T11:20:47","guid":{"rendered":"https:\/\/prom.put.poznan.pl\/?page_id=90"},"modified":"2024-10-18T11:20:47","modified_gmt":"2024-10-18T11:20:47","slug":"zadanie-1","status":"publish","type":"page","link":"https:\/\/prom.put.poznan.pl\/?page_id=90","title":{"rendered":"Zadanie 1"},"content":{"rendered":"\n<h2 class=\"wp-block-heading\">Rekrutacja uczestniczek i uczestnik\u00f3w mobilno\u015bci kr\u00f3tkookresowych<\/h2>\n\n\n\n<p>W ramach zadania opracowane zostan\u0105 materia\u0142y promocyjne, zasady rekrutacji (regulaminy) os\u00f3b uczestnicz\u0105cych w kr\u00f3tkoterminowych wymianach stypendialnych oraz rekrutacji uczestniczek i uczestnik\u00f3w mobilno\u015bci.<br>Przygotowana akcja promocyjna pozwoli na upowszechnienie wiedzy w\u015br\u00f3d os\u00f3b studiuj\u0105cych, doktorant\u00f3w i doktorantek oraz kadry z kraju i z zagranicy o mo\u017cliwo\u015bci rozwoju kompetencji oraz wzrostu jako\u015bci kszta\u0142cenia poprzez realizacj\u0119 kr\u00f3tkookresowej mi\u0119dzynarodowej wymiany stypendialnej oraz do wzrostu liczby zrealizowanych<br>kr\u00f3tkookresowych mobilno\u015bci.<br>Przygotowane materia\u0142y promocyjne, informuj\u0105ce o rekrutacji, zostan\u0105 opracowane w spos\u00f3b maksymalizuj\u0105cy ich mo\u017cliwo\u015b\u0107 dotarcia do os\u00f3b z niepe\u0142nosprawno\u015bciami.<br>Przygotowane regulaminy rekrutacji b\u0119d\u0105 zapewnia\u0107 finansowanie tylko tych mobilno\u015bci, kt\u00f3re b\u0119d\u0105 prowadzi\u0107 do wzrostu kompetencji i jako\u015bci kszta\u0142cenia.<br>Przygotowanie materia\u0142\u00f3w promocyjnych oraz regulamin\u00f3w rekrutacji nast\u0105pi w pierwszym miesi\u0105cu trwania projektu.<br>Jednocze\u015bnie, regulaminy rekrutacji zostan\u0105 tak przygotowana, aby sama rekrutacja odbywa\u0142a si\u0119 z zapewnieniem zasad r\u00f3wno\u015bci szans i niedyskryminacji, w tym dost\u0119pno\u015bci dla os\u00f3b z niepe\u0142nosprawno\u015bciami, zasady r\u00f3wno\u015bci szans kobiet i m\u0119\u017cczyzn, a tym samym aby przeciwdzia\u0142a\u0107 wszelkim formom dyskryminacji.<br>W trakcie przygotowywania regulamin\u00f3w rekrutacji, wykorzystanie zostan\u0105 odpowiednie dokumenty, zawieraj\u0105ce wytyczne w zakresie realizacji zasady r\u00f3wno\u015bci szans i niedyskryminacji oraz standard\u00f3w dost\u0119pno\u015bci.<br>Uwzgl\u0119dniaj\u0105c specyfik\u0119 mobilno\u015bci r\u00f3\u017cnych grup docelowych, opracowane zostan\u0105 oddzielne regu\u0142y rekrutacji dla (1) os\u00f3b studiuj\u0105cych, (2) doktorant\u00f3w i doktorantek oraz (3) kadry.<br>W przypadku os\u00f3b studiuj\u0105cych, przeprowadzone zostan\u0105 4 rekrutacje, w terminie od listopada 2024 do lutego 2025 (uzupe\u0142ni\u0107, kto chcia\u0142by?).<br>Uwzgl\u0119dniaj\u0105c specyfik\u0119 Szko\u0142y Doktorskiej, w przypadku doktorantek i doktorant\u00f3w, og\u0142oszone zostan\u0105 dwa rekrutacje (konkursy), z terminami zg\u0142osze\u0144 ustalonymi na stycze\u0144 2025 i kwiecie\u0144 2025. W ka\u017cdej z nich b\u0119dzie oferowanych 7 30-dniowych sta\u017cy naukowych (w sumie 14 wyjazd\u00f3w). Dodatkowo, oferowane b\u0119d\u0105 sta\u017ce 12-dniowe, w liczbie 12, z terminami zg\u0142osze\u0144 ustalonymi na stycze\u0144 2025 i kwiecie\u0144 2025.<br>W celu zapewnienia obiektywno\u015bci oceny wniosk\u00f3w z\u0142o\u017conych przez doktorant\u00f3w zostanie powo\u0142ana 3-osobowa komisja (na potrzeby realizacji Projektu) do przeprowadzenia rekrutacji w formie konkursu. Zadaniem komisji b\u0119dzie formalna i merytoryczna ocena wniosk\u00f3w, zagwarantowanie zasady r\u00f3wno\u015bci szans i niedyskryminacji oraz stworzenie listy rankingowej i wy\u0142onienie beneficjent\u00f3w konkursu.<br>Szczeg\u00f3\u0142owy Regulamin i zasady wyboru beneficjent\u00f3w mobilno\u015bci kr\u00f3tkookresowej zostan\u0105 opracowane po rozpocz\u0119ciu Projektu. Podczas oceny wniosk\u00f3w b\u0119d\u0105 brane pod uwag\u0119 okre\u015blone kryteria, m.in.: realizowanie projektu doktorskiego we wsp\u00f3\u0142pracy mi\u0119dzynarodowej, wsp\u00f3lnie uzgodniony z instytucj\u0105 zagraniczn\u0105 projekt\/plan bada\u0144, uwzgl\u0119dniaj\u0105cy pozyskanie materia\u0142\u00f3w do pracy doktorskiej lub artyku\u0142u naukowego, w tym z wykorzystaniem unikalnej aparatury lub testowanie aparatury badawczej, dorobek naukowy doktoranta, udzia\u0142 w projektach badawczych, presti\u017c osoby zapraszaj\u0105cej (mentora) doktoranta i zagranicznej instytucji, etc. Wymienione kryteria powinny wy\u0142oni\u0107 najlepszych kandydat\u00f3w i zmaksymalizowa\u0107 korzy\u015bci p\u0142yn\u0105ce z mobilno\u015bci oraz podnie\u015b\u0107 jako\u015b\u0107 przygotowywanej pracy doktorskiej, a tak\u017ce pom\u00f3c doktorantom w nawi\u0105zaniu kontakt\u00f3w, kt\u00f3re u\u0142atwi\u0105 im przysz\u0142\u0105 karier\u0119.<br>W przypadku kadry, przeprowadzone zostan\u0105 4 rekrutacje, w terminie od listopada 2024 do lutego 2025<\/p>\n","protected":false},"excerpt":{"rendered":"<p>Rekrutacja uczestniczek i uczestnik\u00f3w mobilno\u015bci kr\u00f3tkookresowych W ramach zadania opracowane zostan\u0105 materia\u0142y promocyjne, zasady rekrutacji (regulaminy) os\u00f3b uczestnicz\u0105cych w kr\u00f3tkoterminowych wymianach stypendialnych oraz rekrutacji uczestniczek i uczestnik\u00f3w mobilno\u015bci.Przygotowana akcja promocyjna pozwoli na upowszechnienie wiedzy w\u015br\u00f3d os\u00f3b studiuj\u0105cych, doktorant\u00f3w i doktorantek oraz kadry z kraju i z zagranicy o mo\u017cliwo\u015bci rozwoju kompetencji oraz wzrostu jako\u015bci kszta\u0142cenia [&hellip;]<\/p>\n","protected":false},"author":1,"featured_media":0,"parent":0,"menu_order":0,"comment_status":"closed","ping_status":"closed","template":"","meta":{"footnotes":""},"class_list":["post-90","page","type-page","status-publish","hentry"],"_links":{"self":[{"href":"https:\/\/prom.put.poznan.pl\/index.php?rest_route=\/wp\/v2\/pages\/90","targetHints":{"allow":["GET"]}}],"collection":[{"href":"https:\/\/prom.put.poznan.pl\/index.php?rest_route=\/wp\/v2\/pages"}],"about":[{"href":"https:\/\/prom.put.poznan.pl\/index.php?rest_route=\/wp\/v2\/types\/page"}],"author":[{"embeddable":true,"href":"https:\/\/prom.put.poznan.pl\/index.php?rest_route=\/wp\/v2\/users\/1"}],"replies":[{"embeddable":true,"href":"https:\/\/prom.put.poznan.pl\/index.php?rest_route=%2Fwp%2Fv2%2Fcomments&post=90"}],"version-history":[{"count":1,"href":"https:\/\/prom.put.poznan.pl\/index.php?rest_route=\/wp\/v2\/pages\/90\/revisions"}],"predecessor-version":[{"id":91,"href":"https:\/\/prom.put.poznan.pl\/index.php?rest_route=\/wp\/v2\/pages\/90\/revisions\/91"}],"wp:attachment":[{"href":"https:\/\/prom.put.poznan.pl\/index.php?rest_route=%2Fwp%2Fv2%2Fmedia&parent=90"}],"curies":[{"name":"wp","href":"https:\/\/api.w.org\/{rel}","templated":true}]}}