{"id":98,"date":"2024-10-18T11:33:44","date_gmt":"2024-10-18T11:33:44","guid":{"rendered":"https:\/\/prom.put.poznan.pl\/?page_id=98"},"modified":"2024-10-18T11:33:44","modified_gmt":"2024-10-18T11:33:44","slug":"zadanie-3","status":"publish","type":"page","link":"https:\/\/prom.put.poznan.pl\/?page_id=98","title":{"rendered":"Zadanie 3"},"content":{"rendered":"\n<h2 class=\"wp-block-heading\">Weryfikacja efekt\u00f3w kszta\u0142cenia uzyskanych przez uczestniczki i uczestnik\u00f3w mobilno\u015bci<\/h2>\n\n\n\n<p><strong>studenci<\/strong><\/p>\n\n\n\n<p>W celu jednoznacznej oceny rozwoju kompetencji os\u00f3b studiuj\u0105cych z kraju i z zagranicy poprzez realizacj\u0119 kr\u00f3tkookresowej mi\u0119dzynarodowej wymiany stypendialnej powo\u0142ana zostanie komisja ewaluacyjna. Przeprowadzi ona test ex-post i przeprowadzi jego ocen\u0119.<\/p>\n\n\n\n<p><strong>doktorantki\/doktoranci<\/strong><\/p>\n\n\n\n<p>Ka\u017cda doktorantka i ka\u017cdy doktorant, korzystaj\u0105cy z mobilno\u015bci, zostan\u0105 zobowi\u0105zani umow\u0105 do przygotowania kr\u00f3tkiego raportu, podsumowuj\u0105cego mobilno\u015b\u0107 z opisem g\u0142\u00f3wnych dzia\u0142a\u0144, osi\u0105gni\u0119tych rezultat\u00f3w i efekt\u00f3w\/korzy\u015bci. Opracowane raporty zostan\u0105 poddane ocenie przez 3 osobow\u0105 komisj\u0119, z\u0142o\u017con\u0105 z os\u00f3b zatrudnionych na stanowisku profesora.<br>Dodatkowo, w celu jednoznacznej oceny rozwoju kompetencji doktorant\u00f3w i doktorantek korzystaj\u0105cych z kr\u00f3tkookresowej mi\u0119dzynarodowej wymiany stypendialnej, przeprowadzone zostan\u0105 testy\/ankiety ex-ante i ex-post. Testy te zostan\u0105 opracowane indywidualnie dla ka\u017cdej z doktorantek\/ka\u017cdego z doktorant\u00f3w, korzystaj\u0105cych z mobilno\u015bci, przez wybranego specjalist\u0119 w obszarze bada\u0144 realizowanych przez uczestnika. Nast\u0119pnie, po zako\u0144czeniu mobilno\u015bci, test ten zostanie przeprowadzony ponownie i oceniony zostanie rozw\u00f3j kompetencji uczestnik\u00f3w.<\/p>\n\n\n\n<p><strong>kadra<\/strong><\/p>\n\n\n\n<p>W celu jednoznacznej oceny rozwoju kompetencji kadry z kraju i z zagranicy poprzez realizacj\u0119 kr\u00f3tkookresowej mi\u0119dzynarodowej wymiany stypendialnej powo\u0142ana zostanie komisja ewaluacyjna. Przeprowadzi ona test ex-post i przeprowadzi jego ocen\u0119.<\/p>\n","protected":false},"excerpt":{"rendered":"<p>Weryfikacja efekt\u00f3w kszta\u0142cenia uzyskanych przez uczestniczki i uczestnik\u00f3w mobilno\u015bci studenci W celu jednoznacznej oceny rozwoju kompetencji os\u00f3b studiuj\u0105cych z kraju i z zagranicy poprzez realizacj\u0119 kr\u00f3tkookresowej mi\u0119dzynarodowej wymiany stypendialnej powo\u0142ana zostanie komisja ewaluacyjna. Przeprowadzi ona test ex-post i przeprowadzi jego ocen\u0119. doktorantki\/doktoranci Ka\u017cda doktorantka i ka\u017cdy doktorant, korzystaj\u0105cy z mobilno\u015bci, zostan\u0105 zobowi\u0105zani umow\u0105 do przygotowania [&hellip;]<\/p>\n","protected":false},"author":1,"featured_media":0,"parent":0,"menu_order":0,"comment_status":"closed","ping_status":"closed","template":"","meta":{"footnotes":""},"class_list":["post-98","page","type-page","status-publish","hentry"],"_links":{"self":[{"href":"https:\/\/prom.put.poznan.pl\/index.php?rest_route=\/wp\/v2\/pages\/98","targetHints":{"allow":["GET"]}}],"collection":[{"href":"https:\/\/prom.put.poznan.pl\/index.php?rest_route=\/wp\/v2\/pages"}],"about":[{"href":"https:\/\/prom.put.poznan.pl\/index.php?rest_route=\/wp\/v2\/types\/page"}],"author":[{"embeddable":true,"href":"https:\/\/prom.put.poznan.pl\/index.php?rest_route=\/wp\/v2\/users\/1"}],"replies":[{"embeddable":true,"href":"https:\/\/prom.put.poznan.pl\/index.php?rest_route=%2Fwp%2Fv2%2Fcomments&post=98"}],"version-history":[{"count":1,"href":"https:\/\/prom.put.poznan.pl\/index.php?rest_route=\/wp\/v2\/pages\/98\/revisions"}],"predecessor-version":[{"id":99,"href":"https:\/\/prom.put.poznan.pl\/index.php?rest_route=\/wp\/v2\/pages\/98\/revisions\/99"}],"wp:attachment":[{"href":"https:\/\/prom.put.poznan.pl\/index.php?rest_route=%2Fwp%2Fv2%2Fmedia&parent=98"}],"curies":[{"name":"wp","href":"https:\/\/api.w.org\/{rel}","templated":true}]}}